{"id":16,"date":"2017-04-10T16:16:35","date_gmt":"2017-04-10T16:16:35","guid":{"rendered":"http:\/\/dekobetonzaun.de\/?page_id=16"},"modified":"2019-09-03T09:59:24","modified_gmt":"2019-09-03T09:59:24","slug":"startseite","status":"publish","type":"page","link":"https:\/\/dekobetonzaun.de\/","title":{"rendered":"DekoBetonZaun &#8211; Weil die Qualit\u00e4t z\u00e4hlt"},"content":{"rendered":"<hr>\n<h4>&nbsp;<\/h4>\n<h4>Decken Sie Ihr Grundst\u00fcck mit einer kr\u00f6nenden Fassung aus unsererer Produktion. Mit einer Vielzahl von Motiven zur Auswahl garantieren wir die Sicherstellung Ihres Traumzauns. Ob geliefert oder gleich vor Ort professionel montiert, bieten unsere Z\u00e4une ein h\u00f6chstes Ma\u00df an Langhaltigkeit und Wetterresistenz.<\/h4>\n<hr>\n\n<table id=\"tablepress-3\" class=\"tablepress tablepress-id-3\">\n<tbody>\n<tr class=\"row-1\">\n\t<td class=\"column-1\"><a href=\"http:\/\/dekobetonzaun.de\/wp-content\/uploads\/2017\/06\/IMG_3593_logo.jpg\"><img src=\"http:\/\/dekobetonzaun.de\/wp-content\/uploads\/2017\/06\/IMG_3593_logo-300x169.jpg\" alt=\"\" width=\"300\" height=\"169\" class=\"aligncenter size-medium wp-image-427\" \/><\/a><br \/>\n<br \/>\n<a href=\"http:\/\/dekobetonzaun.de\/wp-content\/uploads\/2018\/04\/IMG_4029logo.jpg\"><img src=\"http:\/\/dekobetonzaun.de\/wp-content\/uploads\/2018\/04\/IMG_4029logo-169x300.jpg\" alt=\"\" width=\"169\" height=\"300\" class=\"aligncenter size-medium wp-image-652\" \/><\/a><\/td><td class=\"column-2\"><a href=\"http:\/\/dekobetonzaun.de\/wp-content\/uploads\/2017\/06\/IMG_3588.jpg\"><img src=\"http:\/\/dekobetonzaun.de\/wp-content\/uploads\/2017\/06\/IMG_3588-300x169.jpg\" alt=\"\" width=\"300\" height=\"169\" class=\"aligncenter size-medium wp-image-428\" \/><\/a><br \/>\n<br \/>\n<a href=\"http:\/\/dekobetonzaun.de\/wp-content\/uploads\/2018\/04\/IMG_4784_resized.jpg\"><img src=\"http:\/\/dekobetonzaun.de\/wp-content\/uploads\/2018\/04\/IMG_4784_resized-169x300.jpg\" alt=\"\" width=\"169\" height=\"300\" class=\"aligncenter size-medium wp-image-653\" \/><\/a><\/td>\n<\/tr>\n<tr class=\"row-2\">\n\t<td class=\"column-1\"><h3 style=\"text-align: center;\">Unsere Qualit\u00e4t<\/h3><\/td><td class=\"column-2\"><h3 style=\"text-align: center;\">Standardqualit\u00e4t<\/h3><\/td>\n<\/tr>\n<\/tbody>\n<\/table>\n<!-- #tablepress-3 from cache -->\n<h3>&nbsp;<\/h3>\n<h3><strong>Was wir Ihnen anbieten:<\/strong><\/h3>\n<ul>\n<li>\n<h4>Produktion vom h\u00f6chsten Ma\u00df<\/h4>\n<\/li>\n<li>\n<h4>Langj\u00e4hrige Haltbarkeit<\/h4>\n<\/li>\n<li>\n<h4>\u00c4sthetisch ansprechende Optik<\/h4>\n<\/li>\n<li>\n<h4>Bundesweite Lieferung und Montage<\/h4>\n<\/li>\n<\/ul>\n<p style=\"text-align: center;\">&nbsp;<\/p>\n","protected":false},"excerpt":{"rendered":"<p>&nbsp; Decken Sie Ihr Grundst\u00fcck mit einer kr\u00f6nenden Fassung aus unsererer Produktion. Mit einer Vielzahl von Motiven zur Auswahl garantieren wir die Sicherstellung Ihres Traumzauns. Ob geliefert oder gleich vor Ort professionel montiert, bieten unsere Z\u00e4une ein h\u00f6chstes Ma\u00df an Langhaltigkeit und Wetterresistenz. &nbsp; Was wir Ihnen anbieten: Produktion vom h\u00f6chsten Ma\u00df Langj\u00e4hrige Haltbarkeit \u00c4sthetisch [&hellip;]<\/p>\n","protected":false},"author":1,"featured_media":0,"parent":0,"menu_order":0,"comment_status":"closed","ping_status":"closed","template":"","meta":{"ngg_post_thumbnail":0},"aioseo_notices":[],"_links":{"self":[{"href":"https:\/\/dekobetonzaun.de\/index.php?rest_route=\/wp\/v2\/pages\/16"}],"collection":[{"href":"https:\/\/dekobetonzaun.de\/index.php?rest_route=\/wp\/v2\/pages"}],"about":[{"href":"https:\/\/dekobetonzaun.de\/index.php?rest_route=\/wp\/v2\/types\/page"}],"author":[{"embeddable":true,"href":"https:\/\/dekobetonzaun.de\/index.php?rest_route=\/wp\/v2\/users\/1"}],"replies":[{"embeddable":true,"href":"https:\/\/dekobetonzaun.de\/index.php?rest_route=%2Fwp%2Fv2%2Fcomments&post=16"}],"version-history":[{"count":27,"href":"https:\/\/dekobetonzaun.de\/index.php?rest_route=\/wp\/v2\/pages\/16\/revisions"}],"predecessor-version":[{"id":442,"href":"https:\/\/dekobetonzaun.de\/index.php?rest_route=\/wp\/v2\/pages\/16\/revisions\/442"}],"wp:attachment":[{"href":"https:\/\/dekobetonzaun.de\/index.php?rest_route=%2Fwp%2Fv2%2Fmedia&parent=16"}],"curies":[{"name":"wp","href":"https:\/\/api.w.org\/{rel}","templated":true}]}}