{"id":18,"date":"2017-04-10T16:16:52","date_gmt":"2017-04-10T16:16:52","guid":{"rendered":"http:\/\/dekobetonzaun.de\/?page_id=18"},"modified":"2017-07-26T17:59:05","modified_gmt":"2017-07-26T17:59:05","slug":"service","status":"publish","type":"page","link":"https:\/\/dekobetonzaun.de\/?page_id=18","title":{"rendered":"Service"},"content":{"rendered":"<h4>Wir richten uns immer ganz nach den Kundenw\u00fcnschen.<\/h4>\n<h4>Gerne k\u00f6nnen Sie uns in unserem Lager in Ronnenberg besuchen, um sich von unserer Qualit\u00e4t zu \u00fcberzeugen.<\/h4>\n<h4>&nbsp;<\/h4>\n<hr>\n<h3>&nbsp;<\/h3>\n<h3><strong>Besichtigung<\/strong><\/h3>\n<ul>\n<li>\n<h4>Bundesweit ab 20 lfd. Meter.<\/h4>\n<\/li>\n<li>\n<h4>Die Anfahrtskosten werden bei erfolgreichem Vertragsabschl\u00fcss von uns getragen.<\/h4>\n<\/li>\n<li>\n<h4>Die Anfahrtskosten werden nur in dem Fall getragen, wenn ein Vertragsabschl\u00fcss zustande gekommen ist.<\/h4>\n<\/li>\n<li>\n<h4>Die Kosten variieren je nach Entfernung und Zeitaufwand.<\/h4>\n<\/li>\n<\/ul>\n<hr>\n<h3>&nbsp;<\/h3>\n<h3><strong>Lieferung<\/strong><\/h3>\n<ul>\n<li>\n<h4>Die Platten werden f\u00fcr die Kunden individuell nach der Bestellung angefertigt.<\/h4>\n<\/li>\n<li>\n<h4>Je nach bestellten Motiv und Umfang kann die Lieferzeit zwischen zwei und sechs Wochen dauern.<\/h4>\n<\/li>\n<li>\n<h4>Die Lieferung erfolgt per Spedition bis zur Bordsteinkante.<\/h4>\n<\/li>\n<\/ul>\n<hr>\n<h3>&nbsp;<\/h3>\n<h3><strong>Montage<\/strong><\/h3>\n<ul>\n<li>\n<h4>Die Montage beinhaltet das Ausgraben der Pfostengruben bei Mutterboden* , das Aufstellen und Zementieren der Pfosten, sowie das Anbringen der Platten.<\/h4>\n<\/li>\n<li>\n<h4>Nach Absprache k\u00f6nnen gegen Aufpreis auch weitere Leistungen erbracht werden.<\/h4>\n<\/li>\n<\/ul>\n<p>&nbsp;<\/p>\n<p>*Bei Fundament, Kiesboden oder sonstigen Bodenarten, die das Graben erschweren werden die Kosten entsprechend dem Aufwand angepasst.<\/p>\n","protected":false},"excerpt":{"rendered":"<p>Wir richten uns immer ganz nach den Kundenw\u00fcnschen. Gerne k\u00f6nnen Sie uns in unserem Lager in Ronnenberg besuchen, um sich von unserer Qualit\u00e4t zu \u00fcberzeugen. &nbsp; &nbsp; Besichtigung Bundesweit ab 20 lfd. Meter. Die Anfahrtskosten werden bei erfolgreichem Vertragsabschl\u00fcss von uns getragen. Die Anfahrtskosten werden nur in dem Fall getragen, wenn ein Vertragsabschl\u00fcss zustande gekommen [&hellip;]<\/p>\n","protected":false},"author":1,"featured_media":0,"parent":0,"menu_order":0,"comment_status":"closed","ping_status":"closed","template":"","meta":{"ngg_post_thumbnail":0},"aioseo_notices":[],"_links":{"self":[{"href":"https:\/\/dekobetonzaun.de\/index.php?rest_route=\/wp\/v2\/pages\/18"}],"collection":[{"href":"https:\/\/dekobetonzaun.de\/index.php?rest_route=\/wp\/v2\/pages"}],"about":[{"href":"https:\/\/dekobetonzaun.de\/index.php?rest_route=\/wp\/v2\/types\/page"}],"author":[{"embeddable":true,"href":"https:\/\/dekobetonzaun.de\/index.php?rest_route=\/wp\/v2\/users\/1"}],"replies":[{"embeddable":true,"href":"https:\/\/dekobetonzaun.de\/index.php?rest_route=%2Fwp%2Fv2%2Fcomments&post=18"}],"version-history":[{"count":15,"href":"https:\/\/dekobetonzaun.de\/index.php?rest_route=\/wp\/v2\/pages\/18\/revisions"}],"predecessor-version":[{"id":441,"href":"https:\/\/dekobetonzaun.de\/index.php?rest_route=\/wp\/v2\/pages\/18\/revisions\/441"}],"wp:attachment":[{"href":"https:\/\/dekobetonzaun.de\/index.php?rest_route=%2Fwp%2Fv2%2Fmedia&parent=18"}],"curies":[{"name":"wp","href":"https:\/\/api.w.org\/{rel}","templated":true}]}}