{"id":2,"date":"2016-05-10T03:48:21","date_gmt":"2016-05-10T03:48:21","guid":{"rendered":"http:\/\/dekobetonzaun.de\/?page_id=2"},"modified":"2017-04-10T15:55:47","modified_gmt":"2017-04-10T15:55:47","slug":"sample-page","status":"publish","type":"page","link":"https:\/\/dekobetonzaun.de\/?page_id=2","title":{"rendered":"Kontaktformular"},"content":{"rendered":"<div class=\"wpcf7 no-js\" id=\"wpcf7-f10-o1\" lang=\"de-DE\" dir=\"ltr\">\n<div class=\"screen-reader-response\"><p role=\"status\" aria-live=\"polite\" aria-atomic=\"true\"><\/p> <ul><\/ul><\/div>\n<form action=\"\/index.php?rest_route=%2Fwp%2Fv2%2Fpages%2F2#wpcf7-f10-o1\" method=\"post\" class=\"wpcf7-form init\" aria-label=\"Kontaktformular\" novalidate=\"novalidate\" data-status=\"init\">\n<div style=\"display: none;\">\n<input type=\"hidden\" name=\"_wpcf7\" value=\"10\" \/>\n<input type=\"hidden\" name=\"_wpcf7_version\" value=\"5.7.2\" \/>\n<input type=\"hidden\" name=\"_wpcf7_locale\" value=\"de_DE\" \/>\n<input type=\"hidden\" name=\"_wpcf7_unit_tag\" value=\"wpcf7-f10-o1\" \/>\n<input type=\"hidden\" name=\"_wpcf7_container_post\" value=\"0\" \/>\n<input type=\"hidden\" name=\"_wpcf7_posted_data_hash\" value=\"\" \/>\n<input type=\"hidden\" name=\"_wpcf7cf_hidden_group_fields\" value=\"[]\" \/>\n<input type=\"hidden\" name=\"_wpcf7cf_hidden_groups\" value=\"[]\" \/>\n<input type=\"hidden\" name=\"_wpcf7cf_visible_groups\" value=\"[]\" \/>\n<input type=\"hidden\" name=\"_wpcf7cf_repeaters\" value=\"[]\" \/>\n<input type=\"hidden\" name=\"_wpcf7cf_steps\" value=\"{}\" \/>\n<input type=\"hidden\" name=\"_wpcf7cf_options\" value=\"{&quot;form_id&quot;:10,&quot;conditions&quot;:[],&quot;settings&quot;:{&quot;animation&quot;:&quot;yes&quot;,&quot;animation_intime&quot;:200,&quot;animation_outtime&quot;:200,&quot;conditions_ui&quot;:&quot;normal&quot;,&quot;notice_dismissed&quot;:false}}\" \/>\n<\/div>\n<h5><b>*Ihr Name<\/b>\n<\/h5>\n<p><span class=\"wpcf7-form-control-wrap\" data-name=\"your-name\"><input size=\"40\" class=\"wpcf7-form-control wpcf7-text wpcf7-validates-as-required\" aria-required=\"true\" aria-invalid=\"false\" value=\"\" type=\"text\" name=\"your-name\" \/><\/span>\n<\/p>\n<h5><b>*Postleitzahl oder Ort<\/b>\n<\/h5>\n<p><span class=\"wpcf7-form-control-wrap\" data-name=\"your-place\"><input size=\"40\" class=\"wpcf7-form-control wpcf7-text wpcf7-validates-as-required\" aria-required=\"true\" aria-invalid=\"false\" value=\"\" type=\"text\" name=\"your-place\" \/><\/span>\n<\/p>\n<h5><b>*Ihre E-Mail-Adresse<\/b>\n<\/h5>\n<p><span class=\"wpcf7-form-control-wrap\" data-name=\"your-email\"><input size=\"40\" class=\"wpcf7-form-control wpcf7-text wpcf7-email wpcf7-validates-as-required wpcf7-validates-as-email\" aria-required=\"true\" aria-invalid=\"false\" value=\"\" type=\"email\" name=\"your-email\" \/><\/span><br \/>\n(Bitte \u00fcberpr\u00fcfen Sie Ihre Eingabe auf Richtigkeit.<br \/>\nEine g\u00fcltige E-Mail Adresse ist notwendig f\u00fcr eine Kontaktaufnahme.)\n<\/p>\n<h5>Betreff\n<\/h5>\n<p><span class=\"wpcf7-form-control-wrap\" data-name=\"your-subject\"><input size=\"40\" class=\"wpcf7-form-control wpcf7-text\" aria-invalid=\"false\" value=\"\" type=\"text\" name=\"your-subject\" \/><\/span>\n<\/p>\n<h4><b>*Gew\u00fcnschtes Muster:<\/b>\n<\/h4>\n<p><span class=\"wpcf7-form-control-wrap\" data-name=\"montage-seiten\"><span class=\"wpcf7-form-control wpcf7-checkbox\"><span class=\"wpcf7-list-item first\"><label><input type=\"checkbox\" name=\"montage-seiten[]\" value=\"Einseitig\" tabindex=\"\" \/><span class=\"wpcf7-list-item-label\">Einseitig<\/span><\/label><\/span><span class=\"wpcf7-list-item last\"><label><input type=\"checkbox\" name=\"montage-seiten[]\" value=\"Beidseitig\" tabindex=\"\" \/><span class=\"wpcf7-list-item-label\">Beidseitig<\/span><\/label><\/span><\/span><\/span>\n<\/p>\n<h4>Platte\n<\/h4>\n<p><span class=\"wpcf7-form-control-wrap\" data-name=\"your-muster\"><input size=\"40\" class=\"wpcf7-form-control wpcf7-text\" aria-invalid=\"false\" value=\"\" type=\"text\" name=\"your-muster\" \/><\/span>\n<\/p>\n<h4>Pfosten\n<\/h4>\n<p><span class=\"wpcf7-form-control-wrap\" data-name=\"your-musterpfosten\"><input size=\"40\" class=\"wpcf7-form-control wpcf7-text\" aria-invalid=\"false\" value=\"\" type=\"text\" name=\"your-musterpfosten\" \/><\/span>\n<\/p>\n<h5>Gew\u00fcnschte H\u00f6he\n<\/h5>\n<p><span class=\"wpcf7-form-control-wrap\" data-name=\"your-height\"><input size=\"40\" class=\"wpcf7-form-control wpcf7-text\" aria-invalid=\"false\" value=\"\" type=\"text\" name=\"your-height\" \/><\/span>\n<\/p>\n<h5>Anzahl laufende Meter\n<\/h5>\n<p><span class=\"wpcf7-form-control-wrap\" data-name=\"your-meter\"><input size=\"40\" class=\"wpcf7-form-control wpcf7-text\" aria-invalid=\"false\" value=\"\" type=\"text\" name=\"your-meter\" \/><\/span>\n<\/p>\n<h5>Ggf. Anzahl der Eckpfosten\n<\/h5>\n<p><span class=\"wpcf7-form-control-wrap\" data-name=\"your-eck\"><input size=\"40\" class=\"wpcf7-form-control wpcf7-text\" aria-invalid=\"false\" value=\"\" type=\"text\" name=\"your-eck\" \/><\/span>\n<\/p>\n<h5>Montage\n<\/h5>\n<p><span class=\"wpcf7-form-control-wrap\" data-name=\"your-montage\"><span class=\"wpcf7-form-control wpcf7-radio\"><span class=\"wpcf7-list-item first\"><label><input type=\"radio\" name=\"your-montage\" value=\"Ja\" tabindex=\"\" \/><span class=\"wpcf7-list-item-label\">Ja<\/span><\/label><\/span><span class=\"wpcf7-list-item last\"><label><input type=\"radio\" name=\"your-montage\" value=\"Nein\" checked=\"checked\" tabindex=\"\" \/><span class=\"wpcf7-list-item-label\">Nein<\/span><\/label><\/span><\/span><\/span>\n<\/p>\n<div data-id=\"montage-fields\" data-orig_data_id=\"montage-fields\"  data-class=\"wpcf7cf_group\">\n\t<h5>Bodenart\n\t<\/h5>\n\t<p><span class=\"wpcf7-form-control-wrap\" data-name=\"your-bodenart\"><input size=\"40\" class=\"wpcf7-form-control wpcf7-text\" aria-invalid=\"false\" value=\"\" type=\"text\" name=\"your-bodenart\" \/><\/span><span class=\"wpcf7-form-control-wrap\" data-name=\"montage-gefaelle\"><span class=\"wpcf7-form-control wpcf7-checkbox\"><span class=\"wpcf7-list-item first last\"><input type=\"checkbox\" name=\"montage-gefaelle[]\" value=\"Gef\u00e4lle\" tabindex=\"\" \/><span class=\"wpcf7-list-item-label\">Gef\u00e4lle<\/span><\/span><\/span><\/span>\n\t<\/p>\n\t<h5>Zus\u00e4tzliches\n\t<\/h5>\n\t<p><span class=\"wpcf7-form-control-wrap\" data-name=\"montage-extra\"><span class=\"wpcf7-form-control wpcf7-checkbox\"><span class=\"wpcf7-list-item first\"><label><input type=\"checkbox\" name=\"montage-extra[]\" value=\"Versiegelung\" tabindex=\"\" \/><span class=\"wpcf7-list-item-label\">Versiegelung<\/span><\/label><\/span><span class=\"wpcf7-list-item\"><label><input type=\"checkbox\" name=\"montage-extra[]\" value=\"Grundierung\" tabindex=\"\" \/><span class=\"wpcf7-list-item-label\">Grundierung<\/span><\/label><\/span><span class=\"wpcf7-list-item last\"><label><input type=\"checkbox\" name=\"montage-extra[]\" value=\"Anstrich\" tabindex=\"\" \/><span class=\"wpcf7-list-item-label\">Anstrich<\/span><\/label><\/span><\/span><\/span>\n\t<\/p>\n<\/div>\n<h5>Ihre Nachricht\n<\/h5>\n<p><span class=\"wpcf7-form-control-wrap\" data-name=\"your-message\"><textarea cols=\"40\" rows=\"10\" class=\"wpcf7-form-control wpcf7-textarea\" aria-invalid=\"false\" name=\"your-message\"><\/textarea><\/span>\n<\/p>\n<h5>Ich willige darin ein, dass die Firma DekoBetonZaun, Verwalter und Besitzer dieser Internetseite die von mir \u00fcberreichten Informationen und Kontaktdaten dazu verwendet um mit mir anl\u00e4sslich meiner Kontaktaufnahme in Verbindung zu treten, hier\u00fcber zu kommunizieren und meine Anfrage abzuwickeln.<br \/>\nDies gilt insbesondere f\u00fcr die Verwendung der E-Mail-Adresse und der Telefonnummer zum vorgenannten Zweck. Wir erheben Ihre Daten zum Zweck der Durchf\u00fchrung Ihrer Kontaktanfrage. Die Datenverarbeitung beruht auf Artikel 6 Abs. 1 f) DSGVO. Unser berechtigtes Interesse ist, Ihre Anfrage zu beantworten. Eine Weitergabe der Daten an Dritte findet nicht statt. Die Daten werden gel\u00f6scht, sobald sie f\u00fcr den Zweck ihrer Verarbeitung nicht mehr erforderlich sind.<br \/>\nDie Einwilligung kann jederzeit mit Wirkung f\u00fcr die Zukunft per E-Mail an dekobetonzaunt@web.de oder per Post an DekoBetonZaun, Benther Stra\u00dfe 24, 30952 Ronnenberg widerrufen werden.\n<\/h5>\n<h5><br \/>\n<span class=\"wpcf7-form-control-wrap\" data-name=\"daten-schutz\"><span class=\"wpcf7-form-control wpcf7-checkbox\"><span class=\"wpcf7-list-item first last\"><input type=\"checkbox\" name=\"daten-schutz[]\" value=\"Ja\" tabindex=\"\" \/><span class=\"wpcf7-list-item-label\">Ja<\/span><\/span><\/span><\/span>\n<\/h5>\n<div data-id=\"kann-senden\" data-orig_data_id=\"kann-senden\"  data-class=\"wpcf7cf_group\">\n\t<p><input class=\"wpcf7-form-control has-spinner wpcf7-submit\" type=\"submit\" value=\"Senden\" \/>\n\t<\/p>\n<\/div><p style=\"display: none !important;\"><label>&#916;<textarea name=\"_wpcf7_ak_hp_textarea\" cols=\"45\" rows=\"8\" maxlength=\"100\"><\/textarea><\/label><input type=\"hidden\" id=\"ak_js_1\" name=\"_wpcf7_ak_js\" value=\"228\"\/><script>document.getElementById( \"ak_js_1\" ).setAttribute( \"value\", ( new Date() ).getTime() );<\/script><\/p><div class=\"wpcf7-response-output\" aria-hidden=\"true\"><\/div><\/form><\/div>\n","protected":false},"excerpt":{"rendered":"","protected":false},"author":1,"featured_media":0,"parent":0,"menu_order":0,"comment_status":"closed","ping_status":"open","template":"","meta":{"ngg_post_thumbnail":0},"aioseo_notices":[],"_links":{"self":[{"href":"https:\/\/dekobetonzaun.de\/index.php?rest_route=\/wp\/v2\/pages\/2"}],"collection":[{"href":"https:\/\/dekobetonzaun.de\/index.php?rest_route=\/wp\/v2\/pages"}],"about":[{"href":"https:\/\/dekobetonzaun.de\/index.php?rest_route=\/wp\/v2\/types\/page"}],"author":[{"embeddable":true,"href":"https:\/\/dekobetonzaun.de\/index.php?rest_route=\/wp\/v2\/users\/1"}],"replies":[{"embeddable":true,"href":"https:\/\/dekobetonzaun.de\/index.php?rest_route=%2Fwp%2Fv2%2Fcomments&post=2"}],"version-history":[{"count":2,"href":"https:\/\/dekobetonzaun.de\/index.php?rest_route=\/wp\/v2\/pages\/2\/revisions"}],"predecessor-version":[{"id":12,"href":"https:\/\/dekobetonzaun.de\/index.php?rest_route=\/wp\/v2\/pages\/2\/revisions\/12"}],"wp:attachment":[{"href":"https:\/\/dekobetonzaun.de\/index.php?rest_route=%2Fwp%2Fv2%2Fmedia&parent=2"}],"curies":[{"name":"wp","href":"https:\/\/api.w.org\/{rel}","templated":true}]}}