{"id":20,"date":"2017-04-10T16:17:04","date_gmt":"2017-04-10T16:17:04","guid":{"rendered":"http:\/\/dekobetonzaun.de\/?page_id=20"},"modified":"2017-08-05T08:58:54","modified_gmt":"2017-08-05T08:58:54","slug":"agb","status":"publish","type":"page","link":"https:\/\/dekobetonzaun.de\/?page_id=20","title":{"rendered":"AGB"},"content":{"rendered":"<h5><strong> Allgemeines&nbsp;\/&nbsp;Geltungsbereich&nbsp; <\/strong><\/h5>\n<hr>\n<h5>&nbsp;<\/h5>\n<h5>1.1. Diese&nbsp;Bedingungen&nbsp;gelten&nbsp;in&nbsp;ihrer&nbsp;jeweiligen&nbsp;Fassung&nbsp;als&nbsp;Rahmenvereinbarung&nbsp;auch&nbsp;f\u00fcr&nbsp; k\u00fcnftige&nbsp;Vertr\u00e4ge&nbsp;\u00fcber&nbsp;den&nbsp;Verkauf&nbsp;und\/oder&nbsp;die&nbsp;Lieferung&nbsp;von&nbsp;Bauelementen mit&nbsp;demselben&nbsp; K\u00e4ufer,&nbsp;ohne&nbsp;dass&nbsp;wir&nbsp;in&nbsp;jedem&nbsp;Einzelfall&nbsp;wieder&nbsp;auf&nbsp;sie&nbsp;hinweisen&nbsp;m\u00fcssten,&nbsp;sofern&nbsp;der&nbsp;K\u00e4ufer&nbsp; Unternehmer&nbsp;im&nbsp;Sinne&nbsp;des&nbsp;\u00a7&nbsp;14&nbsp;B\u00fcrgerliches&nbsp;Gesetzbuch&nbsp;(BGB),&nbsp;juristische&nbsp;Person&nbsp;des&nbsp; \u00f6ffentlichen&nbsp;Rechts&nbsp;oder&nbsp;ein&nbsp;\u00f6ffentlich\u00adrechtliches&nbsp;Sonderverm\u00f6gen&nbsp;ist&nbsp;(nachfolgend&nbsp; \u201eUnternehmer\u201c).<\/h5>\n<h5>1.2. Diese&nbsp;Bedingungen&nbsp;gelten&nbsp;bei&nbsp;den&nbsp;Verk\u00e4ufen&nbsp;der&nbsp;Bauelemente ausschlie\u00dflich.&nbsp;Abweichende,&nbsp; entgegenstehende&nbsp;oder&nbsp;erg\u00e4nzende&nbsp;Allgemeine&nbsp;Gesch\u00e4ftsbedingungen&nbsp;des&nbsp;K\u00e4ufers&nbsp;werden&nbsp; nur&nbsp;dann&nbsp;und&nbsp;insoweit&nbsp;Vertragsbestandteil,&nbsp;als&nbsp;wir&nbsp;ihrer&nbsp;Geltung&nbsp;ausdr\u00fccklich&nbsp;zugestimmt&nbsp; haben.&nbsp;Dieses&nbsp;Zustimmungserfordernis&nbsp;gilt&nbsp;in&nbsp;jedem&nbsp;Fall,&nbsp;beispielsweise&nbsp;auch&nbsp;dann,&nbsp;wenn&nbsp;wir&nbsp; in&nbsp;Kenntnis&nbsp;solcher&nbsp;Bedingungen&nbsp;des&nbsp;K\u00e4ufers&nbsp;die&nbsp;Lieferung&nbsp;an&nbsp;ihn&nbsp;vorbehaltlos&nbsp;ausf\u00fchren.<\/h5>\n<h5>1.3. Im&nbsp;Einzelfall&nbsp;getroffene,&nbsp;individuelle&nbsp;Vereinbarungen&nbsp;mit&nbsp;dem&nbsp;K\u00e4ufer&nbsp;(einschlie\u00dflich&nbsp; Nebenabreden,&nbsp;Erg\u00e4nzungen&nbsp;und&nbsp;\u00c4nderungen)&nbsp;haben&nbsp;in&nbsp;jedem&nbsp;Fall&nbsp;Vorrang&nbsp;vor&nbsp;diesen&nbsp; Bedingungen.&nbsp;F\u00fcr&nbsp;den&nbsp;Inhalt&nbsp;derartiger&nbsp;Vereinbarungen&nbsp;ist&nbsp;ein&nbsp;schriftlicher&nbsp;Vertrag&nbsp;bzw.&nbsp; unsere&nbsp;schriftliche&nbsp;Best\u00e4tigung&nbsp;ma\u00dfgebend.<\/h5>\n<h5>1.4. Rechtserhebliche&nbsp;Erkl\u00e4rungen&nbsp;und&nbsp;Anzeigen,&nbsp;die&nbsp;nach&nbsp;Vertragsschluss&nbsp;vom&nbsp;K\u00e4ufer&nbsp;uns&nbsp; gegen\u00fcber&nbsp;abzugeben&nbsp;sind&nbsp;(z.B.&nbsp;Fristsetzungen,&nbsp;M\u00e4ngelanzeigen,&nbsp;Erkl\u00e4rung&nbsp;von&nbsp;R\u00fccktritt&nbsp; oder&nbsp;Minderung),&nbsp;bed\u00fcrfen&nbsp;zu&nbsp;ihrer&nbsp;Wirksamkeit&nbsp;der&nbsp;Schriftform.<\/h5>\n<p>&nbsp;<\/p>\n<h5><strong> Angebot&nbsp;\/&nbsp;Vertragsschluss&nbsp; <\/strong><\/h5>\n<hr>\n<h5>&nbsp;<\/h5>\n<h5>2.1. Unsere&nbsp;Angebote&nbsp;sind&nbsp;unverbindlich&nbsp;und&nbsp;freibleibend,&nbsp;falls&nbsp;nicht&nbsp;etwas&nbsp;anderes&nbsp;vereinbart&nbsp; worden&nbsp;oder&nbsp;die&nbsp;Lieferung&nbsp;erfolgt&nbsp;ist.<\/h5>\n<h5>2.2. F\u00fcr&nbsp;die&nbsp;Auswahl&nbsp;der&nbsp;richtigen&nbsp;Materialsorte&nbsp;und&nbsp;Menge&nbsp;ist&nbsp;allein&nbsp;der&nbsp;K\u00e4ufer&nbsp;verantwortlich.<\/h5>\n<h5>2.3. Der Auftraggeber erh\u00e4lt eine Auftragsbest\u00e4tigung. Mit der R\u00fccksendung der Auftragsbest\u00e4tigung ist der Vertrag zustande gekommen, insbesondere dann, wenn die georderte Ware disponiert worden ist. Disponiert wird die Ware nach Zahlungseingang auf unserem Konto oder Zustellung einer B\u00fcrgschaftsurkunde. Im Falle einer Zahlungsunf\u00e4higkeit des Auftraggebers, sind wir berechtigt, von allen schwebenden Lieferungsvertr\u00e4gen zur\u00fcckzutreten oder Vorauszahlungen f\u00fcr alle noch zu erf\u00fcllenden Vertr\u00e4ge zu verlangen.<\/h5>\n<p>&nbsp;<\/p>\n<h5><strong>Lieferung&nbsp;und&nbsp;Abnahme&nbsp; <\/strong><\/h5>\n<hr>\n<h5>&nbsp;<\/h5>\n<h5>3.1. Bestellte Ware wird durch uns oder eine Spedition ausgeliefert. Von der Verpflichtung zur Leistung befreien uns alle Umst\u00e4nde h\u00f6herer Gewalt, Betriebsst\u00f6rungen, Streiks, Rohstoffmangel, etc. Reklamationen werden nur dann ber\u00fccksichtigt, wenn sie uns bei Empfang der Ware angezeigt werden.<\/h5>\n<h5>3.2. Wir&nbsp;sind&nbsp;bem\u00fcht,&nbsp;die&nbsp;vom&nbsp;K\u00e4ufer&nbsp;gew\u00fcnschten&nbsp;oder&nbsp;angegebenen&nbsp;Leistungszeiten einzuhalten.&nbsp;Die&nbsp;Nichteinhaltung&nbsp;vereinbarter&nbsp;Leistungszeiten&nbsp;berechtigen&nbsp;den&nbsp;K\u00e4ufer&nbsp;zum R\u00fccktritt&nbsp;vom&nbsp;Vertrag,&nbsp;sofern&nbsp;er&nbsp;uns&nbsp;zuvor&nbsp;erfolglos&nbsp;eine&nbsp;angemessene&nbsp;Frist&nbsp;zur&nbsp;Leistung&nbsp; gesetzt&nbsp;hat.<\/h5>\n<h5>3.3. Sofern&nbsp;wir&nbsp;verbindliche&nbsp;Lieferfristen&nbsp;aus&nbsp;Gr\u00fcnden,&nbsp;die&nbsp;wir&nbsp;nicht&nbsp;zu&nbsp;vertreten&nbsp;haben,&nbsp;nicht&nbsp; einhalten&nbsp;k\u00f6nnen,&nbsp;werden&nbsp;wir&nbsp;den&nbsp;K\u00e4ufer&nbsp;hier\u00fcber&nbsp;unverz\u00fcglich&nbsp;informieren&nbsp;und&nbsp;gleichzeitig&nbsp; die&nbsp;voraussichtliche,&nbsp;neue&nbsp;Lieferfrist&nbsp;mitteilen.&nbsp;Ist&nbsp;die&nbsp;Leistung&nbsp;auch&nbsp;innerhalb&nbsp;der&nbsp;neuen&nbsp; Lieferfrist&nbsp;nicht&nbsp;verf\u00fcgbar,&nbsp;sind&nbsp;wir&nbsp;berechtigt,&nbsp;ganz&nbsp;oder&nbsp;teilweise&nbsp;vom&nbsp;Vertrag&nbsp;zur\u00fcckzutreten\u037e&nbsp; eine&nbsp;bereits&nbsp;erbrachte&nbsp;Gegenleistung&nbsp;des&nbsp;K\u00e4ufers&nbsp;werden&nbsp;wir&nbsp;unverz\u00fcglich&nbsp;erstatten.<\/h5>\n<h5>3.4. Bei&nbsp;von&nbsp;uns&nbsp;vorgenommenen&nbsp;Lieferungen&nbsp;an&nbsp;eine&nbsp;vereinbarte&nbsp;Stelle&nbsp;muss&nbsp;das&nbsp; Transportfahrzeug&nbsp;diese&nbsp;ohne&nbsp;Gefahr&nbsp;erreichen&nbsp;und&nbsp;wieder&nbsp;verlassen&nbsp;k\u00f6nnen.&nbsp;Dies&nbsp;setzt&nbsp; einen&nbsp;ausreichend&nbsp;befestigten,&nbsp;f\u00fcr&nbsp;Lastwagen&nbsp;mit&nbsp;einem&nbsp;Gewicht&nbsp;von&nbsp;40&nbsp;t&nbsp;unbehindert&nbsp; befahrbaren&nbsp;Anfuhrweg&nbsp;voraus.&nbsp;Ist&nbsp;diese&nbsp;Voraussetzung&nbsp;nicht&nbsp;gegeben,&nbsp;so&nbsp;haftet&nbsp;der&nbsp;K\u00e4ufer&nbsp; f\u00fcr&nbsp;alle&nbsp;daraus&nbsp;entstehenden&nbsp;Sch\u00e4den.&nbsp;Der&nbsp;Fahrer&nbsp;ist&nbsp;berechtigt,&nbsp;die&nbsp;Anlieferung&nbsp;abzubrechen,&nbsp; wenn&nbsp;aus&nbsp;seiner&nbsp;Sicht&nbsp;keine&nbsp;unbehinderte&nbsp;Anfahrt&nbsp;m\u00f6glich&nbsp;ist.&nbsp;In&nbsp;diesem&nbsp;Fall&nbsp;ist&nbsp;der&nbsp;K\u00e4ufer&nbsp; verpflichtet,&nbsp;s\u00e4mtliche&nbsp;anfallenden&nbsp;Kosten,&nbsp;zu&nbsp;erstatten.&nbsp;Das&nbsp;Fahrzeug&nbsp;muss&nbsp;ohne&nbsp;Wartezeiten&nbsp; entladen&nbsp;werden.<\/h5>\n<h5>3.5. Der&nbsp;K\u00e4ufer&nbsp;ist&nbsp;verpflichtet,&nbsp;m\u00f6gliche&nbsp;f\u00fcr&nbsp;die&nbsp;Anfahrt&nbsp;erforderlichen&nbsp;Ausnahme\u00ad&nbsp;oder&nbsp; Sondergenehmigungen&nbsp;auf&nbsp;eigene&nbsp;Kosten&nbsp;zu&nbsp;beschaffen.<\/h5>\n<h5>3.6. Ist&nbsp;der&nbsp;K\u00e4ufer&nbsp;Kaufmann&nbsp;i.&nbsp;S.&nbsp;des&nbsp;HGB,&nbsp;so&nbsp;gelten&nbsp;die&nbsp;den&nbsp;Lieferschein&nbsp;unterzeichnenden&nbsp; Personen&nbsp;uns&nbsp;gegen\u00fcber&nbsp;als&nbsp;zur&nbsp;Abnahme&nbsp;des&nbsp;Bauelements und&nbsp;zur&nbsp;Best\u00e4tigung&nbsp;des&nbsp;Empfangs&nbsp; bevollm\u00e4chtigt.<\/h5>\n<h5>3.7. Bei&nbsp;verweigerter,&nbsp;versp\u00e4teter,&nbsp;verz\u00f6gerter&nbsp;oder&nbsp;sonst&nbsp;sachwidriger&nbsp;Abnahme&nbsp;hat&nbsp;uns&nbsp;der&nbsp; K\u00e4ufer&nbsp;unbeschadet&nbsp;seiner&nbsp;Verpflichtung&nbsp;zur&nbsp;Zahlung&nbsp;des&nbsp;Kaufpreises&nbsp;zu&nbsp;entsch\u00e4digen,&nbsp;es&nbsp;sei&nbsp; denn,&nbsp;die&nbsp;Verweigerung&nbsp;oder&nbsp;Versp\u00e4tung&nbsp;beruhen&nbsp;auf&nbsp;Gr\u00fcnden,&nbsp;die&nbsp;wir&nbsp;zu&nbsp;vertreten&nbsp;haben.&nbsp; Mehrere&nbsp;K\u00e4ufer&nbsp;haften&nbsp;als&nbsp;Gesamtschuldner&nbsp;f\u00fcr&nbsp;die&nbsp;ordnungsgem\u00e4\u00dfe&nbsp;Abnahme&nbsp;des&nbsp;Bauelements und&nbsp;die&nbsp;Bezahlung&nbsp;des&nbsp;Kaufpreises.&nbsp;Wir&nbsp;leisten&nbsp;an&nbsp;jeden&nbsp;von&nbsp;ihnen&nbsp;mit&nbsp;Wirkung&nbsp;f\u00fcr&nbsp;und&nbsp;gegen&nbsp; alle.&nbsp;S\u00e4mtliche&nbsp;K\u00e4ufer&nbsp;bevollm\u00e4chtigen&nbsp;einander,&nbsp;in&nbsp;allen&nbsp;den&nbsp;Verkauf&nbsp;betreffenden&nbsp; Angelegenheiten&nbsp;unsere&nbsp;rechtsverbindlichen&nbsp;Erkl\u00e4rungen&nbsp;entgegenzunehmen.<\/h5>\n<h5>3.8. Bei&nbsp;einer&nbsp;Abholung&nbsp;ab&nbsp;Werk&nbsp;hat&nbsp;der&nbsp;K\u00e4ufer&nbsp;ein&nbsp;f\u00fcr&nbsp;den&nbsp;Transport&nbsp;der&nbsp;Bauelemente geeignetes&nbsp; Fahrzeug&nbsp;einzusetzen.&nbsp;F\u00fcr&nbsp;uns&nbsp;besteht&nbsp;keine&nbsp;Pr\u00fcfpflicht,&nbsp;ob&nbsp;das&nbsp;maximale&nbsp;Ladegewicht&nbsp;der&nbsp; Fahrzeuge&nbsp;\u00fcberschritten&nbsp;wird.&nbsp;Sofern&nbsp;wir&nbsp;bei&nbsp;der&nbsp;Wiegung&nbsp;eine&nbsp;\u00dcberladung&nbsp;feststellen,&nbsp;ist&nbsp;der&nbsp; K\u00e4ufer&nbsp;berechtigt,&nbsp;die&nbsp;Bauelemente an&nbsp;von&nbsp;uns&nbsp;anzugebenden&nbsp;Pl\u00e4tzen&nbsp;abzuladen.&nbsp;Im&nbsp;\u00dcbrigen&nbsp;ist&nbsp; der&nbsp;K\u00e4ufer&nbsp;f\u00fcr&nbsp;die&nbsp;Einhaltung&nbsp;der&nbsp;Beladungsgrenzen&nbsp;und&nbsp;der&nbsp;Ladungssicherheit&nbsp;selbst&nbsp; verantwortlich.<\/h5>\n<p>&nbsp;<\/p>\n<h5><strong>Eigentumsvorbehalt<\/strong><\/h5>\n<hr>\n<h5>&nbsp;<\/h5>\n<h5>4.1. Die gelieferte Ware bleibt bis zur vollst\u00e4ndigen Bezahlung des Preises unser Eigentum.<\/h5>\n<h5>4.2. Solange der Eigentumsvorbehalt besteht, erfolgt die Bearbeitung oder Verarbeitung der Vorbehaltsware f\u00fcr uns. Uns steht das Eigentum oder Miteigentum, \u00a7\u00a7 947, 950 BGB, an der hierdurch entstehenden neuen Sache zu. Bei Verbindung bzw. Vermischung der Vorbehaltsware mit anderen Sachen steht uns das Miteigentum an der neuen Sache im Verh\u00e4ltnis des Wertes der Vorbehaltsware zum Wert der anderen Sachen im Zeitpunkt der Verbindung bzw. der Vermischung, \u00a7 948 BGB, zu. Die durch Verarbeitung oder Verbindung bzw. Vermischung entstehende neue Sache gilt als Vorbehaltsware im Sinne dieser Bedingungen. Der Auftraggeber tritt hiermit die ihm aus der Weiterver\u00e4u\u00dferung der Vorbehaltsware gegen seine Abnehmer zustehenden Anspr\u00fcche mit allen Nebenrechten an uns ab, und zwar bei Verarbeitung, Verbindung oder Vermischung in H\u00f6he des Wertes der von uns gelieferten Ware.<\/h5>\n<h5>4.3. Auf unseren Wunsch hat der Auftraggeber, sobald er in Verzug ist, die Abtretung seinen Schuldnern bekannt zu geben und uns die erforderlichen Angaben zu machen und Unterlagen auszuh\u00e4ndigen. \u00dcbersteigt der Wert der Eigentumsvorbehaltsware oder uns gegebenen Sicherungen die H\u00f6he unserer Forderungen insgesamt um mehr als 20 %, so sind wir auf Verlangen des Auftraggebers insoweit zur Freigabe bzw. R\u00fcck\u00fcbertragung verpflichtet.<\/h5>\n<h5>4.4. Wird die gelieferte Ware in das Grundst\u00fcck eines Dritten derart eingebaut, dass sie wesentlicher Bestandteil des Grundst\u00fccks wird, so gehen die anstelle dieser Ware tretenden Forderungen des Auftraggeber gegen seine Abnehmer in H\u00f6he des Einkaufswertes unserer verbauten Ware zur Sicherung unserer Forderung auf uns \u00fcber, ohne dass es noch einer besonderen Abtretungserkl\u00e4rung bedarf. Der \u00dcbergang dieser Forderung ist f\u00fcr den Zeitpunkt ihrer Entstehung vereinbart.<\/h5>\n<h5>4.5. Der Auftraggeber darf die unter Eigentumsvorbehalt stehende Ware nicht als Pfand geben, oder zur Sicherheit \u00fcbereignen, solange sie nicht vollst\u00e4ndig bezahlt ist. Bei Pf\u00e4ndung durch dritte Personen ist uns sofort Mitteilung zu machen. Wird noch nicht bezahlte Ware im regul\u00e4ren Gesch\u00e4ftsverkehr ver\u00e4u\u00dfert, so gilt auch im Konkursfall die daf\u00fcr erworbene Forderung uns \u00fcbereignet.<\/h5>\n<p>&nbsp;<\/p>\n<h5><strong>Montagebedingungen<\/strong><\/h5>\n<hr>\n<h5>&nbsp;<\/h5>\n<h5>5.1. Der Auftraggeber tr\u00e4gt das Baugrundrisiko. Er ist daf\u00fcr verantwortlich, dass die Ware am richtigen Ort montiert wird und die ggf. ben\u00f6tigten Genehmigungen vorliegen. Die Kennzeichnung der Grenzpunkte obliegt dem Auftraggeber. Angaben zum Gel\u00e4ndeverlauf (wesentliche Steigungen, Berghang, h\u00fcgeliger Untergrund) und zur LKW &#8211; Zufahrt sind uns vor Auftragsvergabe zu machen.<br \/>\nFalsche Angaben berechtigen uns entsprechende Mehraufwandzuschl\u00e4ge zu verlangen. Bauseits sind zu stellen: Strom 220V, Wasser.<\/h5>\n<h5>5.2. Die Baustelle muss vor Beginn der Arbeiten vom Auftraggeber entsprechend hergerichtet sein. Der Auftraggeber hat sicherzustellen, dass die gesamte Baustelle in der Gesamtl\u00e4nge neben der zu montierenden Zaunanlage frei zug\u00e4nglich ist. Ihm obliegt das Abr\u00e4umen des Schuttes und \/ oder der Erde. Baustellenvorbereitungsma\u00dfnahmen wie z.B.:<br \/>\nZaundemontage, Hecken- bzw. Baumzuschnitt, ggf. Baumf\u00e4llen, Wurzelentfernung, etc. obliegen dem Auftraggeber und sind vor Beginn der Montagearbeiten rechtzeitig auszuf\u00fchren. Der Untergrund der Baustelle muss das sichere Setzen der Pfosten und Fundamente erlauben. Oberfl\u00e4chenschichten, die dies nicht erlauben und die im Durchschnitt st\u00e4rker als 10 cm sind, hat der Auftraggeber auf eigene Gefahr und Kosten unverz\u00fcglich zu beseitigen, und zwar dergestalt, dass der Fortgang unserer Arbeit nicht behindert wird.<\/h5>\n<h5>5.3. Im Untergrund d\u00fcrfen Steine, Tr\u00fcmmerreste und \u00e4hnliches Material von mehr als 5 cm Durchmesser nicht vorhanden sein. Insgesamt d\u00fcrfen die Steine im Untergrund nicht mehr als 20 % des Untergrundes ausmachen. Sind gr\u00f6\u00dfere Steine vorhanden oder ist der Prozentsatz h\u00f6her, so sind wir berechtigt, die Arbeiten so lange zu unterbrechen, wie es f\u00fcr die Herstellung des Untergrundes erforderlich ist. Der Auftraggeber verpflichtet sich, die Steine auf eigene Gefahr und Kosten zu beseitigen.<\/h5>\n<h5>5.4. \u00d6ffentliche und private Medien- und Telefonleitungen m\u00fcssen uns vor Montagebeginn vom Auftraggeber angezeigt und markiert werden. F\u00fcr Besch\u00e4digungen an Leitungen, die nicht markiert und nicht mitgeteilt waren, \u00fcbernimmt der Auftraggeber die Haftung und stellt uns von einer Haftungsinanspruchnahme frei.<\/h5>\n<h5>5.5. Die Z\u00e4une werden von uns auf der Linie und der jeweiligen H\u00f6he angebracht, die uns vom Auftraggeber durch Pfl\u00f6cke oder Messstangen angegeben worden ist. Wenn solche Angaben fehlen, setzen wir die Z\u00e4une nach den \u00f6rtlichen Gegebenheiten ein.<\/h5>\n<h5>5.6. Werden wir durch vom Auftraggeber zu vertretenden Umst\u00e4nden an der Ausf\u00fchrung von Arbeiten gehindert bzw. m\u00fcssen die Arbeiten unterbrochen werden, so hat der Auftraggeber uns den dadurch entstandenen Schaden zu ersetzen, wobei wir berechtigt sind, bei der Berechnung der Schadenh\u00f6he orts\u00fcbliche und angemessene Preise zugrunde zu legen.<\/h5>\n<h5>&nbsp;<\/h5>\n<h5><strong>Pr\u00fcf- und R\u00fcgepflicht<br \/>\n<\/strong><\/h5>\n<hr>\n<h5>&nbsp;<\/h5>\n<h5>6. Der Auftraggeber hat die gelieferte Ware bzw. die Gewerke unverz\u00fcglich nach Montage zu \u00fcberpr\u00fcfen. Reklamationen eines Unternehmers werden nur dann ber\u00fccksichtigt, wenn sie uns bei Empfang der Ware angezeigt werden, \u00a7 377 HGB. M\u00e4ngel sind uns in einem solchen Fall sp\u00e4testens innerhalb von sieben Tagen schriftlich anzuzeigen, wobei die Anzeige innerhalb dieser Frist bei uns eingegangen sein muss. Kann die Anlage durch einen nicht von uns zu vertretenden Umstand nicht oder nicht vollst\u00e4ndig eingebaut werden, so ist die Zahlung f\u00fcr die Anlage und die Montage zu leisten.<\/h5>\n<h5>&nbsp;<\/h5>\n<h5><strong>Gew\u00e4hrleistung<\/strong><\/h5>\n<hr>\n<h5>&nbsp;<\/h5>\n<h5>7.1. Bei Montagearbeiten, die im Rahmen von Vertr\u00e4gen mit Unternehmern ausgef\u00fchrt werden, richten sich Leistung und Gew\u00e4hrleistung nach VOB, soweit nicht nachstehend etwas anderes bestimmt ist. Die wesentlichen Bestimmungen der VOB sind den Parteien bekannt. F\u00fcr die Ordnungsm\u00e4\u00dfigkeit der Montage gilt die Gew\u00e4hrleistung der VOB (2 Jahre). Soweit wir nur liefern und nicht montieren, gilt die Gew\u00e4hrleistungsfrist nach Kaufvertragsrecht.<\/h5>\n<h5>7.2. F\u00fcr Sch\u00e4den infolge unsachgem\u00e4\u00dfer Behandlung wird nicht gehaftet. Sachgem\u00e4\u00dfe Behandlung bedeutet insbesondere:<br \/>\n&#8211; Vor dem \u00d6ffnen der Verpackung bzw. dem Durchtrennen der B\u00e4nder muss das Material gegen Umkippen bzw. Umfallen ausreichend gesichert werden.<br \/>\n&#8211; Die Platten m\u00fcssen hochkant getragen, abgestellt bzw. gelagert werden.<br \/>\n&#8211; Farben, Grundierung, etc m\u00fcssen immer trocken und rostfrei gelagert werden.<br \/>\nBeton ist ein raues, nat\u00fcrliches Verarbeitungsmaterial. Kleinere Ausbr\u00fcche und Haarrisse sind bei unseren Produkten nicht auszuschlie\u00dfen und stellen somit keinen Mangel dar. Beton ist ein mineralisches Produkt. Daher kann die Farbbezeichnung \u201enaturgrau\u201c unterschiedliche Graut\u00f6ne bedeuten. Verbindliche \u201eRAL-Farben\u201c d\u00fcrfen aus dem Begriff \u201enaturgrau\u201c nicht abgeleitet werden.<br \/>\nFarbabweichungen bei durchgef\u00e4rbten Z\u00e4unen sind m\u00f6glich und stellen keinen Mangel dar.<\/h5>\n<h5>7.3. Gew\u00e4hrleistungsanspr\u00fcche sind ferner ausgeschlossen, wenn der kaufm\u00e4nnische Auftraggeber die in Ziff. 5 genannten M\u00e4ngelr\u00fcgefristen nicht einh\u00e4lt.<\/h5>\n<h5>7.4. Jede eigenm\u00e4chtige Reparatur oder \u00c4nderung irgendwelcher Art, die vom Auftraggeber oder seinem Beauftragten an unserem Werkst\u00fcck vorgenommen wird, entbindet uns von den Gew\u00e4hrleistungspflichten, sofern uns zuvor keine angemessene Frist zur Nacherf\u00fcllung gesetzt worden ist. Dasselbe gilt, wenn die Vorschriften \u00fcber die weitere Behandlung der von uns gelieferten und montierten Waren nicht beachtet werden.<\/h5>\n<h5>7.5. Soweit dem Auftraggeber berechtigte Gew\u00e4hrleistungsanspr\u00fcche zustehen, richtet sich deren Umfang und Verj\u00e4hrung bei Unternehmergesch\u00e4ften nach der VOB. Schadenersatzanspr\u00fcche gegen uns sind generell bei Unternehmer- sowie Verbrauchergesch\u00e4ften ausgeschlossen, es sei denn, dass wir einen Schaden vors\u00e4tzlich oder grob fahrl\u00e4ssig verursacht haben. Alle Teile m\u00fcssen entsprechend der Montageanleitung montiert und gewartet werden. Es gilt insbesondere: f\u00fcr die bei ordnungsgem\u00e4\u00dfer Ausf\u00fchrung der Arbeiten verursachten Sch\u00e4den an Rasen, Stein-, Platten- oder Fliesenbel\u00e4gen oder sonstigen Bodenbel\u00e4gen welcher Art auch immer haften wir nicht. Im \u00dcbrigen haften wir nur f\u00fcr Vorsatz und grobe Fahrl\u00e4ssigkeit.<\/h5>\n<h5>&nbsp;<\/h5>\n<h5><strong>Zahlung<\/strong><\/h5>\n<hr>\n<h5>&nbsp;<\/h5>\n<h5>8. Falls nicht anders vereinbart, sind unsere Rechnungen mit deren Erhalt f\u00e4llig und ohne jeden Abzug zu bezahlen. Bei versp\u00e4teter Zahlung sind wir berechtigt, Verzugszinsen in H\u00f6he von 5% \u00fcber dem jeweiligen Basiszinssatz bei Verbrauchern und 8% \u00fcber dem jeweiligen Basiszinssatz bei Unternehmern zu berechnen. Schecks und Wechsel werden nur bedingt angenommen. Durch die Annahme derartiger Zahlungsmittel wird die Forderung nicht gestundet. Wir behalten uns vor, Schecks oder Wechsel zur\u00fcckzugeben. Bei Nichteinhaltung unserer Zahlungsbedingungen sind wir berechtigt, die Einr\u00e4umung einer Sicherungshypothek an dem Baugrundst\u00fcck des Auftraggebers zu verlangen. Gegenanspr\u00fcche des Auftraggebers, gleichg\u00fcltig aus welchem Rechtsverh\u00e4ltnis, einschl. etwaiger Gew\u00e4hrleistungsanspr\u00fcche, berechtigen nicht zur Aufrechnung gegen unsere Kaufpreis- oder Werklohnforderung. Bei Zahlungsverzug, Scheck- oder Wechselprotest des Auftraggebers sind wir berechtigt, noch ausstehende Teillieferungen zur\u00fcckzubehalten. Kommt der Auftraggeber mit der vereinbarten Vorleistung oder mit der Abnahme unserer Lieferung \/ Leistung um mehr als zwei Wochen in Verzug, so k\u00f6nnen wir von dem die Vorausleistungen betreffenden Vertrag und von weiteren noch nicht ausgef\u00fchrten Vertr\u00e4gen mit demselben K\u00e4ufer zur\u00fccktreten.<\/h5>\n<h5>&nbsp;<\/h5>\n<h5><strong>Gerichtsstand<\/strong><\/h5>\n<hr>\n<h5>&nbsp;<\/h5>\n<h5>9. Diese AGB gelten mit der Erteilung des Auftrages als vom K\u00e4ufer anerkannt und rechtsverbindlich. Abweichende Bedingungen des K\u00e4ufers bed\u00fcrfen zur G\u00fcltigkeit unserer schriftlichen Best\u00e4tigung. Es gilt deutsches Recht.<\/h5>\n","protected":false},"excerpt":{"rendered":"<p>Allgemeines&nbsp;\/&nbsp;Geltungsbereich&nbsp; &nbsp; 1.1. Diese&nbsp;Bedingungen&nbsp;gelten&nbsp;in&nbsp;ihrer&nbsp;jeweiligen&nbsp;Fassung&nbsp;als&nbsp;Rahmenvereinbarung&nbsp;auch&nbsp;f\u00fcr&nbsp; k\u00fcnftige&nbsp;Vertr\u00e4ge&nbsp;\u00fcber&nbsp;den&nbsp;Verkauf&nbsp;und\/oder&nbsp;die&nbsp;Lieferung&nbsp;von&nbsp;Bauelementen mit&nbsp;demselben&nbsp; K\u00e4ufer,&nbsp;ohne&nbsp;dass&nbsp;wir&nbsp;in&nbsp;jedem&nbsp;Einzelfall&nbsp;wieder&nbsp;auf&nbsp;sie&nbsp;hinweisen&nbsp;m\u00fcssten,&nbsp;sofern&nbsp;der&nbsp;K\u00e4ufer&nbsp; Unternehmer&nbsp;im&nbsp;Sinne&nbsp;des&nbsp;\u00a7&nbsp;14&nbsp;B\u00fcrgerliches&nbsp;Gesetzbuch&nbsp;(BGB),&nbsp;juristische&nbsp;Person&nbsp;des&nbsp; \u00f6ffentlichen&nbsp;Rechts&nbsp;oder&nbsp;ein&nbsp;\u00f6ffentlich\u00adrechtliches&nbsp;Sonderverm\u00f6gen&nbsp;ist&nbsp;(nachfolgend&nbsp; \u201eUnternehmer\u201c). 1.2. Diese&nbsp;Bedingungen&nbsp;gelten&nbsp;bei&nbsp;den&nbsp;Verk\u00e4ufen&nbsp;der&nbsp;Bauelemente ausschlie\u00dflich.&nbsp;Abweichende,&nbsp; entgegenstehende&nbsp;oder&nbsp;erg\u00e4nzende&nbsp;Allgemeine&nbsp;Gesch\u00e4ftsbedingungen&nbsp;des&nbsp;K\u00e4ufers&nbsp;werden&nbsp; nur&nbsp;dann&nbsp;und&nbsp;insoweit&nbsp;Vertragsbestandteil,&nbsp;als&nbsp;wir&nbsp;ihrer&nbsp;Geltung&nbsp;ausdr\u00fccklich&nbsp;zugestimmt&nbsp; haben.&nbsp;Dieses&nbsp;Zustimmungserfordernis&nbsp;gilt&nbsp;in&nbsp;jedem&nbsp;Fall,&nbsp;beispielsweise&nbsp;auch&nbsp;dann,&nbsp;wenn&nbsp;wir&nbsp; in&nbsp;Kenntnis&nbsp;solcher&nbsp;Bedingungen&nbsp;des&nbsp;K\u00e4ufers&nbsp;die&nbsp;Lieferung&nbsp;an&nbsp;ihn&nbsp;vorbehaltlos&nbsp;ausf\u00fchren. 1.3. Im&nbsp;Einzelfall&nbsp;getroffene,&nbsp;individuelle&nbsp;Vereinbarungen&nbsp;mit&nbsp;dem&nbsp;K\u00e4ufer&nbsp;(einschlie\u00dflich&nbsp; Nebenabreden,&nbsp;Erg\u00e4nzungen&nbsp;und&nbsp;\u00c4nderungen)&nbsp;haben&nbsp;in&nbsp;jedem&nbsp;Fall&nbsp;Vorrang&nbsp;vor&nbsp;diesen&nbsp; Bedingungen.&nbsp;F\u00fcr&nbsp;den&nbsp;Inhalt&nbsp;derartiger&nbsp;Vereinbarungen&nbsp;ist&nbsp;ein&nbsp;schriftlicher&nbsp;Vertrag&nbsp;bzw.&nbsp; unsere&nbsp;schriftliche&nbsp;Best\u00e4tigung&nbsp;ma\u00dfgebend. 1.4. Rechtserhebliche&nbsp;Erkl\u00e4rungen&nbsp;und&nbsp;Anzeigen,&nbsp;die&nbsp;nach&nbsp;Vertragsschluss&nbsp;vom&nbsp;K\u00e4ufer&nbsp;uns&nbsp; gegen\u00fcber&nbsp;abzugeben&nbsp;sind&nbsp;(z.B.&nbsp;Fristsetzungen,&nbsp;M\u00e4ngelanzeigen,&nbsp;Erkl\u00e4rung&nbsp;von&nbsp;R\u00fccktritt&nbsp; oder&nbsp;Minderung),&nbsp;bed\u00fcrfen&nbsp;zu&nbsp;ihrer&nbsp;Wirksamkeit&nbsp;der&nbsp;Schriftform. &nbsp; Angebot&nbsp;\/&nbsp;Vertragsschluss&nbsp; &nbsp; 2.1. Unsere&nbsp;Angebote&nbsp;sind&nbsp;unverbindlich&nbsp;und&nbsp;freibleibend,&nbsp;falls&nbsp;nicht&nbsp;etwas&nbsp;anderes&nbsp;vereinbart&nbsp; worden&nbsp;oder&nbsp;die&nbsp;Lieferung&nbsp;erfolgt&nbsp;ist. 2.2. F\u00fcr&nbsp;die&nbsp;Auswahl&nbsp;der&nbsp;richtigen&nbsp;Materialsorte&nbsp;und&nbsp;Menge&nbsp;ist&nbsp;allein&nbsp;der&nbsp;K\u00e4ufer&nbsp;verantwortlich. 2.3. Der Auftraggeber erh\u00e4lt eine Auftragsbest\u00e4tigung. Mit der R\u00fccksendung der Auftragsbest\u00e4tigung ist der Vertrag zustande gekommen, insbesondere dann, wenn die georderte [&hellip;]<\/p>\n","protected":false},"author":1,"featured_media":37,"parent":0,"menu_order":0,"comment_status":"closed","ping_status":"closed","template":"","meta":{"ngg_post_thumbnail":0},"aioseo_notices":[],"_links":{"self":[{"href":"https:\/\/dekobetonzaun.de\/index.php?rest_route=\/wp\/v2\/pages\/20"}],"collection":[{"href":"https:\/\/dekobetonzaun.de\/index.php?rest_route=\/wp\/v2\/pages"}],"about":[{"href":"https:\/\/dekobetonzaun.de\/index.php?rest_route=\/wp\/v2\/types\/page"}],"author":[{"embeddable":true,"href":"https:\/\/dekobetonzaun.de\/index.php?rest_route=\/wp\/v2\/users\/1"}],"replies":[{"embeddable":true,"href":"https:\/\/dekobetonzaun.de\/index.php?rest_route=%2Fwp%2Fv2%2Fcomments&post=20"}],"version-history":[{"count":23,"href":"https:\/\/dekobetonzaun.de\/index.php?rest_route=\/wp\/v2\/pages\/20\/revisions"}],"predecessor-version":[{"id":521,"href":"https:\/\/dekobetonzaun.de\/index.php?rest_route=\/wp\/v2\/pages\/20\/revisions\/521"}],"wp:featuredmedia":[{"embeddable":true,"href":"https:\/\/dekobetonzaun.de\/index.php?rest_route=\/wp\/v2\/media\/37"}],"wp:attachment":[{"href":"https:\/\/dekobetonzaun.de\/index.php?rest_route=%2Fwp%2Fv2%2Fmedia&parent=20"}],"curies":[{"name":"wp","href":"https:\/\/api.w.org\/{rel}","templated":true}]}}